{"id":10791,"date":"2022-06-01T09:10:47","date_gmt":"2022-06-01T07:10:47","guid":{"rendered":"https:\/\/www.camping-chaille-les-marais.com\/neem-contact-op-met\/"},"modified":"2022-06-01T09:10:47","modified_gmt":"2022-06-01T07:10:47","slug":"neem-contact-op-met","status":"publish","type":"page","link":"https:\/\/www.camping-chaille-les-marais.com\/nl\/neem-contact-op-met\/","title":{"rendered":"Neem contact op met"},"content":{"rendered":"<p><a href=\"https:\/\/www.camping-chaille-les-marais.com\/wp-content\/uploads\/2016\/05\/valerie.jpg\"><img loading=\"lazy\" decoding=\"async\" class=\"alignright wp-image-687\" title=\"Voor nadere informatie kunt u contact opnemen met Val\u00e9rie\" src=\"https:\/\/www.camping-chaille-les-marais.com\/wp-content\/uploads\/2016\/05\/valerie-200x300.jpg\" alt=\"Valerie\" width=\"130\" height=\"195\" srcset=\"https:\/\/www.camping-chaille-les-marais.com\/wp-content\/uploads\/2016\/05\/valerie-200x300.jpg 200w, https:\/\/www.camping-chaille-les-marais.com\/wp-content\/uploads\/2016\/05\/valerie.jpg 333w\" sizes=\"auto, (max-width: 130px) 100vw, 130px\" \/><\/a><\/p>\n<h2>Contactformulier en pre-reservering<\/h2>\n<p><strong>Voor voorreserveringen of informatie<\/strong>, gelieve onderstaand contactformulier in te vullen<br \/>\nof neem contact op met <span style=\"color: #669800;\"><strong>Valerie<\/strong> <\/span>per telefoon op :<\/p>\n<p><b>(+33)2 51 56 75 27<br \/>\n(+33)6 75 70 24 13<\/b><\/p>\n<p><strong>Voor online boeken en betalen<\/strong> kunt u gebruik maken van de <span class=\"bleuvert\">&#8220;Online boeken<\/span> &#8221; zoekmachine bovenaan de pagina.<\/p>\n<p class=\"petit\"><span style=\"font-size: 10pt;\"><em>De velden gevolgd door * zijn verplicht om ons te helpen aan uw verzoek te voldoen.<\/em><\/span><\/p>\n\t\t\t\t<form action=\"\" class=\"form-contact sevform needs-validation\" data-form-type=\"contact\" role=\"form\" method=\"post\" novalidate>\n\t\t\t<div class=\"form-row\">\n\t\t\t\t\t\t<div class=\"form-group col-md-6 \">\n\n\t\t\t<label class=\"col-form-label\" for=\"nom_nom\">\n\t\t\t\tNaam *\t\t\t<\/label>\n\n\t\t\t<input type=\"text\" id=\"nom_nom\" name=\"nom\" class=\"form-control\" value=\"\"  required>\n\n\t\t\t<div class=\"invalid-feedback\">Merci de renseigner votre nom<\/div>\n\t\t<\/div>\n\t\t\t\t<div class=\"form-group col-md-6 \">\n\n\t\t\t<label class=\"col-form-label\" for=\"prenom_prenom\">\n\t\t\t\tVoornaam\t\t\t<\/label>\n\n\t\t\t<input type=\"text\" id=\"prenom_prenom\" name=\"prenom\" class=\"form-control\" value=\"\" >\n\n\t\t\t<div class=\"invalid-feedback\">Merci de renseigner votre pr\u00e9nom<\/div>\n\t\t<\/div>\n\t\t\t\t\t<\/div>\n\t\t\t<div class=\"form-row\">\n\t\t\t\t\t\t<div class=\"form-group col-md-6 \">\n\n\t\t\t<label class=\"col-form-label\" for=\"email_email\">\n\t\t\t\tE-mail *\t\t\t<\/label>\n\n\t\t\t<input type=\"email\" id=\"email_email\" name=\"email\" class=\"form-control\" value=\"\"  required>\n\n\t\t\t<div class=\"invalid-feedback\">Merci de renseigner une adresse e-mail valide<\/div>\n\t\t<\/div>\n\t\t\t\t<div class=\"form-group col-md-6 \">\n\n\t\t\t<label class=\"col-form-label\" for=\"tel_tel\">\n\t\t\t\tTelefoon\t\t\t<\/label>\n\n\t\t\t<input type=\"tel\" id=\"tel_tel\" name=\"tel\" class=\"form-control\" value=\"\" >\n\n\t\t\t<div class=\"invalid-feedback\">Merci de renseigner un num\u00e9ro de t\u00e9l\u00e9phone valide<\/div>\n\t\t<\/div>\n\t\t\t\t\t<\/div>\n\n\t\t\t\t\t<div class=\"form-group \">\n\n\t\t\t<label class=\"col-form-label\" for=\"adresse_adresse\">\n\t\t\t\tAdres\t\t\t<\/label>\n\n\t\t\t<input type=\"text\" id=\"adresse_adresse\" name=\"adresse\" class=\"form-control\" value=\"\" >\n\n\t\t\t<div class=\"invalid-feedback\">Merci de renseigner votre adresse<\/div>\n\t\t<\/div>\n\t\t\n\t\t\t<div class=\"form-row\">\n\t\t\t\t\t<div class=\"form-group col-md-6 \">\n\n\t\t\t<label class=\"col-form-label\" for=\"cp_cp\">\n\t\t\t\tPostcode\t\t\t<\/label>\n\n\t\t\t<input type=\"text\" id=\"cp_cp\" name=\"cp\" class=\"form-control\" value=\"\" >\n\n\t\t\t<div class=\"invalid-feedback\">Merci de renseigner votre code postal<\/div>\n\t\t<\/div>\n\t\t\t\t<div class=\"form-group col-md-6 \">\n\n\t\t\t<label class=\"col-form-label\" for=\"ville_ville\">\n\t\t\t\tStad\t\t\t<\/label>\n\n\t\t\t<input type=\"text\" id=\"ville_ville\" name=\"ville\" class=\"form-control\" value=\"\" >\n\n\t\t\t<div class=\"invalid-feedback\">Merci de renseigner votre commune<\/div>\n\t\t<\/div>\n\t\t\t\t\t<\/div>\n\n\t\t\t\t\t<div class=\"form-group \">\n\n\t\t\t<label class=\"col-form-label\" for=\"msg_msg\">\n\t\t\t\tMessage * \n\t\t\t<\/label>\n\n\t\t\t<textarea name=\"msg\" id=\"msg_msg\" class=\"form-control\" rows=\"3\"  required><\/textarea>\n\n\t\t\t<div class=\"invalid-feedback\">Merci de sp\u00e9cifier votre demande<\/div>\n\t\t<\/div>\n\t\t\n\t\t\t\t\t<div class=\"form-group \">\n\n\t\t\t\t\t\t<div class=\"form-check\">\n\n\t\t\t\t\t\t\t\t<input class=\"form-check-input\" type=\"checkbox\" value=\"1\" name=\"rgpd\" id=\"rgpd_rgpd\"  required >\n\n\t\t\t\t<label class=\"form-check-label\" for=\"rgpd_rgpd\">\n\t\t\t\t\tIk stem ermee in dat de ingevoerde informatie mag worden gebruikt in het kader van het verzoek om informatie en de commerci\u00eble relatie die daaruit kan voortvloeien  *\t\t\t\t<\/label>\n\n\t\t\t\t<div class=\"invalid-feedback\">Votre consentement est requis<\/div>\n\t\t\t<\/div>\n\t\t\t\t\t<\/div>\n\t\t\n\t\t\t\t\t<div class=\"form-group form-group-hcaptcha \">\n\n\t\t\t<div class=\"h-captcha \" data-sitekey=\"582d7a8a-e47e-4a61-b730-9f57320269ae\"><\/div>\n\t\t\t<div class=\"invalid-feedback\">La v\u00e9rification du captcha a \u00e9chou\u00e9e. Veuillez essayer de nouveau<\/div>\n\t\t<\/div>\n\t\t\n\t\t\t<div class=\"form-group contact-texte-container\">\n\t\t\t\t<input type=\"text\" class=\"contact-texte\" name=\"texte\" value=\"\">\n\t\t\t<\/div>\n\n\t\t\t<div class=\"form-group text-center\">\n\t\t\t\t<input type=\"hidden\" name=\"nonce\" value=\"fb9856014d\">\n\t\t\t\t\t\t\t\t<button type=\"submit\" name=\"submit\" class=\"btn btn-primary\">Stuur<\/button>\n\t\t\t<\/div>\n\n            <p class=\"mt-3\">\n                De velden gevolgd door * zijn verplicht om ons te helpen aan uw verzoek te voldoen.            <\/p>\n\n            <p>\n\t\t\t\tOvereenkomstig de bepalingen van het consumentenwetboek (artikel L. 223-2 van het consumentenwetboek) kunt u zich, om telefonische colportage te vermijden, inschrijven op de verzetlijst &quot;Bloctel&quot; voor telefonische colportage:<a href=\"https:\/\/www.bloctel.gouv.fr\" target=\"_blank\">https:\/\/www.bloctel.gouv.fr<\/a>\n\t\t\t<\/p>\n\n\t\t\t\t\t<script>\n\t\t\/*jshint esversion: 6 *\/\n\t\t( function() {\n\t\t\t'use strict';\n\t\t\twindow.addEventListener( 'load', function() {\n\n\t\t\t\tvar SEVForms       = document.getElementsByClassName( 'sevform' );\n\t\t\t\tvar submitSevForms = Array.prototype.filter.call( SEVForms, function( form ) {\n\n\t\t\t\t\tform.addEventListener( 'submit', function( event ) {\n\n\t\t\t\t\t\t\/\/ Fields validation.\n\t\t\t\t\t\tif ( form.classList.contains( 'needs-validation' ) ) {\n\n\t\t\t\t\t\t\tform.classList.add('was-validated');\n\n\t\t\t\t\t\t\tif ( form.checkValidity() === false ) {\n\n\t\t\t\t\t\t\t\tevent.preventDefault();\n\t\t\t\t\t\t\t\tevent.stopPropagation();\n\n\t\t\t\t\t\t\t\treturn false;\n\t\t\t\t\t\t\t}\n\t\t\t\t\t\t}\n\n\t\t\t\t\t\t\/\/ AJAX send.\n\t\t\t\t\t\tif ( form.classList.contains( 'send-with-ajax' ) ) {\n\n\t\t\t\t\t\t\tevent.preventDefault();\n\t\t\t\t\t\t\tevent.stopPropagation();\n\n\t\t\t\t\t\t\tvar httpRequest, data, formData, formType;\n\n\t\t\t\t\t\t\thttpRequest = new XMLHttpRequest();\n\t\t\t\t\t\t\tformData    = new FormData( form );\n\t\t\t\t\t\t\tformType    = form.getAttribute( 'data-form-type' );\n\t\t\t\t\t\t\tdata        = 'action=sevform_submit';\n\t\t\t\t\t\t\tdata       += '&type=' + formType;\n\n\t\t\t\t\t\t\tfor( var pair of formData.entries() ) {\n\t\t\t\t\t\t\t\tdata += '&' + pair[0] + '=' + pair[1];\n\t\t\t\t\t\t\t}\n\n\t\t\t\t\t\t\thttpRequest.onreadystatechange = function() {\n\n\t\t\t\t\t\t\t\tif ( httpRequest.readyState === XMLHttpRequest.DONE ) {\n\n\t\t\t\t\t\t\t\t\tif ( httpRequest.status === 200 ) {\n\n\t\t\t\t\t\t\t\t\t\tvar response = JSON.parse( httpRequest.responseText );\n\n\t\t\t\t\t\t\t\t\t\tif ( 'true' == xhr.responseText ) {\n\t\t\t\t\t\t\t\t\t\t\treturn true;\n\t\t\t\t\t\t\t\t\t\t}\n\t\t\t\t\t\t\t\t\t} else {\n\t\t\t\t\t\t\t\t\t\tconsole.log( 'There was a problem with the request.' );\n\t\t\t\t\t\t\t\t\t}\n\t\t\t\t\t\t\t\t}\n\t\t\t\t\t\t\t};\n\t\t\t\t\t\t\thttpRequest.open( 'POST', AjaxVar.ajaxurl );\n\t\t\t\t\t\t\thttpRequest.setRequestHeader( 'Content-Type', 'application\/x-www-form-urlencoded; charset=UTF-8' );\n\t\t\t\t\t\t\thttpRequest.send( data );\n\t\t\t\t\t\t}\n\t\t\t\t\t}, false );\n\t\t\t\t} );\n\t\t\t}, false );\n\t\t} )();\n\t\t<\/script>\n\t\t\t\t<\/form>\n\t\t\n","protected":false},"excerpt":{"rendered":"<p>Contactformulier en pre-reservering Voor voorreserveringen of informatie, gelieve onderstaand contactformulier in te vullen of neem contact op met Valerie per telefoon op : (+33)2 51 56 75 27 (+33)6 75 70 24 13 Voor online boeken en betalen kunt u gebruik maken van de &#8220;Online boeken &#8221; zoekmachine bovenaan de pagina. De velden gevolgd door [&hellip;]<\/p>\n","protected":false},"author":1,"featured_media":0,"parent":0,"menu_order":0,"comment_status":"closed","ping_status":"closed","template":"","meta":{"_seopress_robots_primary_cat":"","_seopress_titles_title":"","_seopress_titles_desc":"","_seopress_robots_index":"","footnotes":""},"class_list":["post-10791","page","type-page","status-publish","hentry"],"_links":{"self":[{"href":"https:\/\/www.camping-chaille-les-marais.com\/nl\/wp-json\/wp\/v2\/pages\/10791","targetHints":{"allow":["GET"]}}],"collection":[{"href":"https:\/\/www.camping-chaille-les-marais.com\/nl\/wp-json\/wp\/v2\/pages"}],"about":[{"href":"https:\/\/www.camping-chaille-les-marais.com\/nl\/wp-json\/wp\/v2\/types\/page"}],"author":[{"embeddable":true,"href":"https:\/\/www.camping-chaille-les-marais.com\/nl\/wp-json\/wp\/v2\/users\/1"}],"replies":[{"embeddable":true,"href":"https:\/\/www.camping-chaille-les-marais.com\/nl\/wp-json\/wp\/v2\/comments?post=10791"}],"version-history":[{"count":0,"href":"https:\/\/www.camping-chaille-les-marais.com\/nl\/wp-json\/wp\/v2\/pages\/10791\/revisions"}],"wp:attachment":[{"href":"https:\/\/www.camping-chaille-les-marais.com\/nl\/wp-json\/wp\/v2\/media?parent=10791"}],"curies":[{"name":"wp","href":"https:\/\/api.w.org\/{rel}","templated":true}]}}