{"id":10633,"date":"2022-06-01T09:10:14","date_gmt":"2022-06-01T07:10:14","guid":{"rendered":"https:\/\/www.camping-chaille-les-marais.com\/vaak-gestelde-vragen\/"},"modified":"2022-06-01T09:10:15","modified_gmt":"2022-06-01T07:10:15","slug":"vaak-gestelde-vragen","status":"publish","type":"page","link":"https:\/\/www.camping-chaille-les-marais.com\/nl\/vaak-gestelde-vragen\/","title":{"rendered":"Vaak gestelde vragen"},"content":{"rendered":"\n<p>Hieronder vindt u antwoorden op de meest gestelde vragen.<br\/>Heb je nog andere? Neem rechtstreeks contact op met de camping, per e-mail of telefoon.<\/p>\n\n<p class=\"h2-like\">Het Reservaat<\/p>\n\n<p><strong>Hoe weet ik of een accommodatie nog beschikbaar is?<\/strong><br\/>Op onze website, zodra u uw aankomstdatum en de duur van uw verblijf heeft aangegeven en op &#8220;Zoeken&#8221; heeft geklikt, verschijnen alleen de beschikbare accommodaties.<\/p>\n\n<p><strong>Wanneer moeten we het saldo van ons verblijf betalen?<\/strong><br\/>Bij verhuur moet het saldo van uw verblijf ten minste 1 maand voor uw aankomstdatum worden betaald.<br\/>Deze informatie zal worden vermeld op uw reserveringscontract.<br\/>Voor kampeerplaatsen kunt u het saldo van uw verblijf betalen de dag voordat u de camping verlaat.<\/p>\n\n<p><strong>Welke betaalmethoden worden aanvaard?<\/strong><br\/>U kunt uw aanbetaling en het saldo van uw verblijf betalen per bankcheque, creditcard, bankoverschrijving, Ch\u00e8que-Vacances, Ch\u00e8que-Vacances Connect.<\/p>\n\n<p><strong>Accepteert u maaltijdcheques?<\/strong><br\/>Nee, restaurant vouchers worden niet geaccepteerd.<\/p>\n\n<p><strong>Is een annuleringsverzekering verplicht?<\/strong><br\/>Nee, een annuleringsverzekering is niet verplicht, maar wordt sterk aanbevolen.<br\/>In geval van annulering of onderbreking van het verblijf, zal de camping geen enkele terugbetaling doen.<br\/>U kunt de algemene voorwaarden van de verzekering raadplegen op <a rel=\"noreferrer noopener\" href=\"http:\/\/www.campez-couvert.com\" target=\"_blank\">www.campez-couvert.com<\/a><\/p>\n\n<p class=\"h2-like\">De huur<\/p>\n\n<p><strong>Vanaf hoe laat kunnen we bij onze accommodatie aankomen?<\/strong><br\/>Uw accommodatie zal beschikbaar zijn vanaf 16.00 uur. Op de dag van uw vertrek, moet het voor 10 uur verlaten zijn.<\/p>\n\n<p><strong>Wanneer krijgen we onze borg terug?<\/strong><br\/>Uw borgsom wordt u bij uw vertrek terugbetaald, nadat de inventaris is opgemaakt en de sleutels van uw accommodatie zijn opgehaald.<\/p>\n\n<p><strong>Zijn de accommodaties voorzien van linnengoed?<\/strong><br\/>De accommodatie is voorzien van dekbedden, kussens en onderlakens (voor stacaravans zijn ook fleecedekens aanwezig).<br\/>U moet uw eigen set lakens en handdoeken meenemen. Wij bieden u de mogelijkheid om wegwerplakens te kopen.<\/p>\n\n<p><strong>Zijn honden toegestaan in de accommodatie?<\/strong><br\/>Als u in een chalet of stacaravan verblijft, is slechts \u00e9\u00e9n hond toegestaan (tenzij deze tot de 1e of 2e categorie behoort), mits deze inge\u00ebnt en aangelijnd is.<br\/>Huisdieren zijn niet toegestaan in de bungalows en de caravan.<\/p>\n\n<p class=\"h2-like\">De Locaties<\/p>\n\n<p><strong>Hoe laat zijn de staanplaatsen beschikbaar?<\/strong><br\/>Aankomst op de staanplaatsen is vanaf 12.00 uur en vertrek voor 12.00 uur.<\/p>\n\n<p><strong>Is de camping &#8217;s nachts met de auto bereikbaar?<\/strong><br\/>Nee, de poort is gesloten van 22.00 tot 8.00 uur. Als u laat thuiskomt of vroeg moet vertrekken, kunt u uw auto op de buitenparkeerplaats laten staan. De voetgangersdeur blijft open.<br\/>In geval van nood is er een bel bij de deur van de receptie. U kunt ons ook per telefoon bereiken.<\/p>\n\n<p><strong>Mogen we barbecue\u00ebn op onze staanplaats?<\/strong><br\/>U kunt uw eigen barbecue op uw kampeerplaats gebruiken, mits u de veiligheidsvoorschriften in acht neemt, natuurlijk. Gemeenschappelijke barbecues zijn echter beschikbaar. De roosters kunnen bij de receptie worden afgehaald tegen een borgsom, die helpt om ze schoon en in goede staat te houden.<\/p>\n\n<p class=\"h2-like\">Diverse<\/p>\n\n<p><strong>Mogen we gasten ontvangen?<\/strong><br\/>Ja, je kunt vrienden en familie uitnodigen. Zij moeten zich eerst naar de receptie begeven en het bezoekerstarief van 2,20 euro per persoon betalen. Zij vallen onder uw verantwoordelijkheid, moeten het campingreglement respecteren en hebben geen toegang tot het zwembad.<\/p>\n\n<p><strong>Is het mogelijk om elektrische voertuigen op de camping op te laden?<\/strong><br\/>Nee, voor het opladen van uw voertuig is er een openbaar oplaadpunt op 300 meter van de camping.<\/p>\n\n<p><strong>Kunnen we naar het dorp lopen?<\/strong><br\/>Ja, de camping ligt aan het eind van het dorp Chaill\u00e9-les-Marais. U kunt te voet naar de verschillende winkels en diensten (bakker, minimarkt, pers, tabakswinkel, apotheek, artsen, enz.)<\/p>\n","protected":false},"excerpt":{"rendered":"<p>Hieronder vindt u antwoorden op de meest gestelde vragen.Heb je nog andere? Neem rechtstreeks contact op met de camping, per e-mail of telefoon. Het Reservaat Hoe weet ik of een accommodatie nog beschikbaar is?Op onze website, zodra u uw aankomstdatum en de duur van uw verblijf heeft aangegeven en op &#8220;Zoeken&#8221; heeft geklikt, verschijnen alleen [&hellip;]<\/p>\n","protected":false},"author":1,"featured_media":0,"parent":0,"menu_order":0,"comment_status":"closed","ping_status":"closed","template":"","meta":{"_seopress_robots_primary_cat":"","_seopress_titles_title":"","_seopress_titles_desc":"","_seopress_robots_index":"","footnotes":""},"class_list":["post-10633","page","type-page","status-publish","hentry"],"_links":{"self":[{"href":"https:\/\/www.camping-chaille-les-marais.com\/nl\/wp-json\/wp\/v2\/pages\/10633","targetHints":{"allow":["GET"]}}],"collection":[{"href":"https:\/\/www.camping-chaille-les-marais.com\/nl\/wp-json\/wp\/v2\/pages"}],"about":[{"href":"https:\/\/www.camping-chaille-les-marais.com\/nl\/wp-json\/wp\/v2\/types\/page"}],"author":[{"embeddable":true,"href":"https:\/\/www.camping-chaille-les-marais.com\/nl\/wp-json\/wp\/v2\/users\/1"}],"replies":[{"embeddable":true,"href":"https:\/\/www.camping-chaille-les-marais.com\/nl\/wp-json\/wp\/v2\/comments?post=10633"}],"version-history":[{"count":1,"href":"https:\/\/www.camping-chaille-les-marais.com\/nl\/wp-json\/wp\/v2\/pages\/10633\/revisions"}],"predecessor-version":[{"id":10637,"href":"https:\/\/www.camping-chaille-les-marais.com\/nl\/wp-json\/wp\/v2\/pages\/10633\/revisions\/10637"}],"wp:attachment":[{"href":"https:\/\/www.camping-chaille-les-marais.com\/nl\/wp-json\/wp\/v2\/media?parent=10633"}],"curies":[{"name":"wp","href":"https:\/\/api.w.org\/{rel}","templated":true}]}}