{"id":10797,"date":"2022-06-01T09:10:47","date_gmt":"2022-06-01T07:10:47","guid":{"rendered":"https:\/\/www.camping-chaille-les-marais.com\/the-advantages-of-the-campsite\/"},"modified":"2022-06-01T09:10:48","modified_gmt":"2022-06-01T07:10:48","slug":"the-advantages-of-the-campsite","status":"publish","type":"page","link":"https:\/\/www.camping-chaille-les-marais.com\/en\/the-advantages-of-the-campsite\/","title":{"rendered":"The advantages of the campsite"},"content":{"rendered":"\n<div class=\"wp-block-columns is-layout-flex wp-container-core-columns-is-layout-28f84493 wp-block-columns-is-layout-flex\">\n<div class=\"wp-block-column is-layout-flow wp-block-column-is-layout-flow\">\n<h2 class=\"has-text-align-left wp-block-heading\"><i class=\"fa fa-plus-circle\"><\/i>  Small family campsite<\/h2>\n\n\n\n<div class=\"wp-block-media-text alignwide has-media-on-the-right is-stacked-on-mobile is-image-fill\"><figure class=\"wp-block-media-text__media\" style=\"background-image:url(https:\/\/www.camping-chaille-les-marais.com\/wp-content\/uploads\/2022\/04\/environnement.jpg);background-position:50% 50%\"><img loading=\"lazy\" decoding=\"async\" width=\"800\" height=\"600\" src=\"https:\/\/www.camping-chaille-les-marais.com\/wp-content\/uploads\/2022\/04\/environnement.jpg\" alt=\"a natural and family campsite\" class=\"wp-image-8331 size-full\" srcset=\"https:\/\/www.camping-chaille-les-marais.com\/wp-content\/uploads\/2022\/04\/environnement.jpg 800w, https:\/\/www.camping-chaille-les-marais.com\/wp-content\/uploads\/2022\/04\/environnement-300x225.jpg 300w, https:\/\/www.camping-chaille-les-marais.com\/wp-content\/uploads\/2022\/04\/environnement-768x576.jpg 768w\" sizes=\"auto, (max-width: 800px) 100vw, 800px\" \/><\/figure><div class=\"wp-block-media-text__content\">\n<p>The <strong>3 star campsite<\/strong> l&#8217;\u00eele Cariot, with only 50 pitches, 36 of which are for <strong>tents, caravans and motor homes<\/strong>, offers you a personalized welcome in a friendly and family atmosphere. The campsite is accessible to people with reduced mobility. The campsite is committed to a quality approach as well as an <strong>eco-responsible approach<\/strong>.<\/p>\n<\/div><\/div>\n\n\n\n<div style=\"height:1px\" aria-hidden=\"true\" class=\"wp-block-spacer\"><\/div>\n\n\n\n<h2 class=\"has-text-align-left wp-block-heading\"><i class=\"fa fa-plus-circle\"><\/i>  In the heart of the Marais Poitevin<\/h2>\n\n\n\n<div class=\"wp-block-media-text alignwide has-media-on-the-right is-stacked-on-mobile is-image-fill\"><figure class=\"wp-block-media-text__media\" style=\"background-image:url(https:\/\/www.camping-chaille-les-marais.com\/wp-content\/uploads\/2022\/04\/canoe_ponton-1024x768.jpg);background-position:50% 50%\"><img loading=\"lazy\" decoding=\"async\" width=\"1024\" height=\"768\" src=\"https:\/\/www.camping-chaille-les-marais.com\/wp-content\/uploads\/2022\/04\/canoe_ponton-1024x768.jpg\" alt=\"canoe pontoon\" class=\"wp-image-8309 size-full\" srcset=\"https:\/\/www.camping-chaille-les-marais.com\/wp-content\/uploads\/2022\/04\/canoe_ponton-1024x768.jpg 1024w, https:\/\/www.camping-chaille-les-marais.com\/wp-content\/uploads\/2022\/04\/canoe_ponton-300x225.jpg 300w, https:\/\/www.camping-chaille-les-marais.com\/wp-content\/uploads\/2022\/04\/canoe_ponton-768x576.jpg 768w, https:\/\/www.camping-chaille-les-marais.com\/wp-content\/uploads\/2022\/04\/canoe_ponton.jpg 1200w\" sizes=\"auto, (max-width: 1024px) 100vw, 1024px\" \/><\/figure><div class=\"wp-block-media-text__content\">\n<p>The campsite l&#8217;\u00eele Cariot is bordered by the canals of the Marais Dess\u00e9ch\u00e9 that you can discover thanks to the <strong>canoes that we put at your disposal for free<\/strong>. To understand the Marais Poitevin, you can go to the Maison du Ma\u00eetre de Digues, accessible on foot from the campsite.<\/p>\n<\/div><\/div>\n\n\n\n<div style=\"height:10px\" aria-hidden=\"true\" class=\"wp-block-spacer\"><\/div>\n\n\n\n<h2 class=\"has-text-align-left wp-block-heading\"><i class=\"fa fa-plus-circle\"><\/i>  At \u00bd hour from the beaches of the South Vend\u00e9e<\/h2>\n\n\n\n<div class=\"wp-block-media-text alignwide has-media-on-the-right is-stacked-on-mobile is-image-fill\"><figure class=\"wp-block-media-text__media\" style=\"background-image:url(https:\/\/www.camping-chaille-les-marais.com\/wp-content\/uploads\/2018\/05\/plage_ados.jpg);background-position:50% 50%\"><img loading=\"lazy\" decoding=\"async\" width=\"700\" height=\"593\" src=\"https:\/\/www.camping-chaille-les-marais.com\/wp-content\/uploads\/2018\/05\/plage_ados.jpg\" alt=\"relaxation on the beaches of the South Vend\u00e9e\" class=\"wp-image-2936 size-full\" srcset=\"https:\/\/www.camping-chaille-les-marais.com\/wp-content\/uploads\/2018\/05\/plage_ados.jpg 700w, https:\/\/www.camping-chaille-les-marais.com\/wp-content\/uploads\/2018\/05\/plage_ados-300x254.jpg 300w\" sizes=\"auto, (max-width: 700px) 100vw, 700px\" \/><\/figure><div class=\"wp-block-media-text__content\">\n<p>If you want to enjoy the <strong>beach<\/strong>, the waves of the Atlantic Ocean and the sun, then go to l&#8217;<strong>Aiguillon sur Mer, La Tranche sur Mer<\/strong> or to other beaches of the South Vend\u00e9e.<\/p>\n<\/div><\/div>\n\n\n\n<h2 class=\"has-text-align-left wp-block-heading\"><i class=\"fa fa-plus-circle\"><\/i>  Camping labeled Tourism &amp; Handicap  <\/h2>\n\n\n\n<div class=\"wp-block-media-text alignwide has-media-on-the-right is-stacked-on-mobile is-image-fill\"><figure class=\"wp-block-media-text__media\" style=\"background-image:url(https:\/\/www.camping-chaille-les-marais.com\/wp-content\/uploads\/2020\/12\/mobilehome_handicap_rampe.jpg);background-position:50% 50%\"><img loading=\"lazy\" decoding=\"async\" width=\"525\" height=\"525\" src=\"https:\/\/www.camping-chaille-les-marais.com\/wp-content\/uploads\/2020\/12\/mobilehome_handicap_rampe.jpg\" alt=\"mobile home pmr\" class=\"wp-image-4871 size-full\" srcset=\"https:\/\/www.camping-chaille-les-marais.com\/wp-content\/uploads\/2020\/12\/mobilehome_handicap_rampe.jpg 525w, https:\/\/www.camping-chaille-les-marais.com\/wp-content\/uploads\/2020\/12\/mobilehome_handicap_rampe-300x300.jpg 300w, https:\/\/www.camping-chaille-les-marais.com\/wp-content\/uploads\/2020\/12\/mobilehome_handicap_rampe-150x150.jpg 150w\" sizes=\"auto, (max-width: 525px) 100vw, 525px\" \/><\/figure><div class=\"wp-block-media-text__content\">\n<p>The pitches, sanitary facilities and equipment are <strong>accessible to campers with reduced mobility<\/strong>. For rented holidaymakers, 2 mobile homes are specially equipped to receive people in wheelchairs.<\/p>\n<\/div><\/div>\n<\/div>\n\n\n\n<div class=\"wp-block-column is-layout-flow wp-block-column-is-layout-flow\">\n<h2 class=\"has-text-align-left wp-block-heading\"><i class=\"fa fa-plus-circle\"><\/i>  Numerous family activities<\/h2>\n\n\n\n<div class=\"wp-block-media-text alignwide has-media-on-the-right is-stacked-on-mobile is-image-fill\"><figure class=\"wp-block-media-text__media\" style=\"background-image:url(https:\/\/www.camping-chaille-les-marais.com\/wp-content\/uploads\/2022\/04\/jeu_piste_enigme-768x1024.jpg);background-position:50% 50%\"><img loading=\"lazy\" decoding=\"async\" width=\"768\" height=\"1024\" src=\"https:\/\/www.camping-chaille-les-marais.com\/wp-content\/uploads\/2022\/04\/jeu_piste_enigme-768x1024.jpg\" alt=\"camping game experience\" class=\"wp-image-9485 size-full\" srcset=\"https:\/\/www.camping-chaille-les-marais.com\/wp-content\/uploads\/2022\/04\/jeu_piste_enigme-768x1024.jpg 768w, https:\/\/www.camping-chaille-les-marais.com\/wp-content\/uploads\/2022\/04\/jeu_piste_enigme-225x300.jpg 225w, https:\/\/www.camping-chaille-les-marais.com\/wp-content\/uploads\/2022\/04\/jeu_piste_enigme.jpg 1024w\" sizes=\"auto, (max-width: 768px) 100vw, 768px\" \/><\/figure><div class=\"wp-block-media-text__content\">\n<p>The campsite l&#8217;\u00eele Cariot offers you <strong>many activities<\/strong> in which you can participate with your family during the summer vacations.<br\/>You will be able to meet around big games, treasure hunts&#8230; or during sports activities or even during the evenings organized by the campsite.<\/p>\n<\/div><\/div>\n\n\n\n<div style=\"height:13px\" aria-hidden=\"true\" class=\"wp-block-spacer\"><\/div>\n\n\n\n<h2 class=\"has-text-align-left wp-block-heading\"><i class=\"fa fa-plus-circle\"><\/i>  Between Green Venice and La Rochelle<\/h2>\n\n\n\n<div class=\"wp-block-media-text alignwide has-media-on-the-right is-stacked-on-mobile is-image-fill\"><figure class=\"wp-block-media-text__media\" style=\"background-image:url(https:\/\/www.camping-chaille-les-marais.com\/wp-content\/uploads\/2022\/04\/la_rochelle_3_tours.jpg);background-position:50% 50%\"><img loading=\"lazy\" decoding=\"async\" width=\"1024\" height=\"768\" src=\"https:\/\/www.camping-chaille-les-marais.com\/wp-content\/uploads\/2022\/04\/la_rochelle_3_tours.jpg\" alt=\"la rochelle\" class=\"wp-image-9243 size-full\" srcset=\"https:\/\/www.camping-chaille-les-marais.com\/wp-content\/uploads\/2022\/04\/la_rochelle_3_tours.jpg 1024w, https:\/\/www.camping-chaille-les-marais.com\/wp-content\/uploads\/2022\/04\/la_rochelle_3_tours-300x225.jpg 300w, https:\/\/www.camping-chaille-les-marais.com\/wp-content\/uploads\/2022\/04\/la_rochelle_3_tours-768x576.jpg 768w\" sizes=\"auto, (max-width: 1024px) 100vw, 1024px\" \/><\/figure><div class=\"wp-block-media-text__content\">\n<p>Take advantage of your vacations at the campsite l&#8217;\u00eele Cariot to visit <strong>La Rochelle<\/strong>, its port, its towers, its aquarium&#8230; and go for a boat ride, a bike ride or even a walk in the Green Venice.<\/p>\n<\/div><\/div>\n\n\n\n<div style=\"height:20px\" aria-hidden=\"true\" class=\"wp-block-spacer\"><\/div>\n\n\n\n<h2 class=\"has-text-align-left wp-block-heading\"><i class=\"fa fa-plus-circle\"><\/i>  Heated pool<\/h2>\n\n\n\n<div class=\"wp-block-media-text alignwide has-media-on-the-right is-stacked-on-mobile is-image-fill\"><figure class=\"wp-block-media-text__media\" style=\"background-image:url(https:\/\/www.camping-chaille-les-marais.com\/wp-content\/uploads\/2016\/04\/IleCariot_piscine.jpg);background-position:50% 50%\"><img loading=\"lazy\" decoding=\"async\" width=\"1000\" height=\"750\" src=\"https:\/\/www.camping-chaille-les-marais.com\/wp-content\/uploads\/2016\/04\/IleCariot_piscine.jpg\" alt=\"The heated swimming pool of the campsite\" class=\"wp-image-129 size-full\" srcset=\"https:\/\/www.camping-chaille-les-marais.com\/wp-content\/uploads\/2016\/04\/IleCariot_piscine.jpg 1000w, https:\/\/www.camping-chaille-les-marais.com\/wp-content\/uploads\/2016\/04\/IleCariot_piscine-300x225.jpg 300w, https:\/\/www.camping-chaille-les-marais.com\/wp-content\/uploads\/2016\/04\/IleCariot_piscine-768x576.jpg 768w\" sizes=\"auto, (max-width: 1000px) 100vw, 1000px\" \/><\/figure><div class=\"wp-block-media-text__content\">\n<p>Back at the Ile Cariot campsite after a beach outing, a marsh, or another walk in town, you can relax in<strong>the heated swimming pool<\/strong> (open from June 15 to September 15).<\/p>\n<\/div><\/div>\n\n\n\n<div style=\"height:1px\" aria-hidden=\"true\" class=\"wp-block-spacer\"><\/div>\n<\/div>\n<\/div>\n","protected":false},"excerpt":{"rendered":"<p>Small family campsite The 3 star campsite l&#8217;\u00eele Cariot, with only 50 pitches, 36 of which are for tents, caravans and motor homes, offers you a personalized welcome in a friendly and family atmosphere. The campsite is accessible to people with reduced mobility. The campsite is committed to a quality approach as well as an [&hellip;]<\/p>\n","protected":false},"author":1,"featured_media":0,"parent":0,"menu_order":0,"comment_status":"closed","ping_status":"closed","template":"","meta":{"_seopress_robots_primary_cat":"","_seopress_titles_title":"Campsite Ile Cariot Marais Poitevin les Plus","_seopress_titles_desc":"3 star family campsite with privileged pitches for a personalized and friendly welcome and a successful vacation in the heart of the Poitevin marshes.","_seopress_robots_index":"","footnotes":""},"class_list":["post-10797","page","type-page","status-publish","hentry"],"_links":{"self":[{"href":"https:\/\/www.camping-chaille-les-marais.com\/en\/wp-json\/wp\/v2\/pages\/10797","targetHints":{"allow":["GET"]}}],"collection":[{"href":"https:\/\/www.camping-chaille-les-marais.com\/en\/wp-json\/wp\/v2\/pages"}],"about":[{"href":"https:\/\/www.camping-chaille-les-marais.com\/en\/wp-json\/wp\/v2\/types\/page"}],"author":[{"embeddable":true,"href":"https:\/\/www.camping-chaille-les-marais.com\/en\/wp-json\/wp\/v2\/users\/1"}],"replies":[{"embeddable":true,"href":"https:\/\/www.camping-chaille-les-marais.com\/en\/wp-json\/wp\/v2\/comments?post=10797"}],"version-history":[{"count":1,"href":"https:\/\/www.camping-chaille-les-marais.com\/en\/wp-json\/wp\/v2\/pages\/10797\/revisions"}],"predecessor-version":[{"id":10800,"href":"https:\/\/www.camping-chaille-les-marais.com\/en\/wp-json\/wp\/v2\/pages\/10797\/revisions\/10800"}],"wp:attachment":[{"href":"https:\/\/www.camping-chaille-les-marais.com\/en\/wp-json\/wp\/v2\/media?parent=10797"}],"curies":[{"name":"wp","href":"https:\/\/api.w.org\/{rel}","templated":true}]}}